{"id":3226,"date":"2022-08-15T22:06:03","date_gmt":"2022-08-15T20:06:03","guid":{"rendered":"https:\/\/www.bernaerts.eu\/galerie\/"},"modified":"2024-08-09T11:52:02","modified_gmt":"2024-08-09T09:52:02","slug":"gallery","status":"publish","type":"page","link":"https:\/\/www.bernaerts.eu\/fr\/gallery\/","title":{"rendered":"Galerie"},"content":{"rendered":"<section class=\"wpb-content-wrapper\"><p>[vc_row full_width=&#8221;stretch_row_content&#8221; content_placement=&#8221;top&#8221;][vc_column width=&#8221;1\/6&#8243;][\/vc_column][vc_column width=&#8221;1\/6&#8243;][vc_single_image image=&#8221;12895&#8243; img_size=&#8221;full&#8221;][\/vc_column][vc_column width=&#8221;3\/6&#8243;][vc_single_image image=&#8221;12913&#8243; img_size=&#8221;full&#8221;][vc_column_text]<\/p>\n<h2>L\u2019art qui ne trouve pas imm\u00e9diatement sa place dans le circuit des galeries : des artistes contemporains ou des red\u00e9couvertes int\u00e9ressantes peuvent fr\u00e9quenter ce lieu pour une courte p\u00e9riode.<\/h2>\n<p>[\/vc_column_text][vc_column_text el_class=&#8221;justify&#8221;]Cette salle, situ\u00e9e au 25 Rue Museum, et la salle Platform, au premier \u00e9tage, accueilleront toutes deux des expositions-ventes. Dans cet espace \u00e9l\u00e9gant qui comprend un mur de verre de 20 m\u00e8tres de long, une surface de 250 m\u00b2 avec deux entr\u00e9es sur Rue Museum et une cour-jardin strat\u00e9giquement plant\u00e9e, la maison de vente aux ench\u00e8res esp\u00e8re \u00e9largir le regard de ceux qui sont intrigu\u00e9s par la beaut\u00e9 de l\u2019art d\u2019artistes c\u00e9l\u00e8bres, \u00e0 d\u00e9couvrir ou oubli\u00e9s. La salle Mus\u00e9e et le patio peuvent \u00e9galement \u00eatre lou\u00e9s. Cette salle donne acc\u00e8s \u00e0 la salle Verlat et \u00e0 la salle Plateform (par l\u2019escalier et l\u2019ascenseur).<\/p>\n<div class=\"wpb_text_column wpb_content_element justify\">\n<div class=\"wpb_wrapper\">\n<p>Plus d\u2019information via ilse@bernaerts.be<\/p>\n<\/div>\n<\/div>\n<p>[\/vc_column_text][\/vc_column][vc_column width=&#8221;1\/6&#8243;][\/vc_column][\/vc_row][vc_row disable_element=&#8221;yes&#8221; css=&#8221;.vc_custom_1697095631895{border-bottom-width: 10px !important;}&#8221;][vc_column width=&#8221;1\/6&#8243;][\/vc_column][vc_column width=&#8221;2\/3&#8243; css=&#8221;.vc_custom_1673631162426{padding-top: 30px !important;padding-right: 5% !important;padding-bottom: 5% !important;padding-left: 5% !important;background-color: #ffffff !important;}&#8221;][vc_row_inner][vc_column_inner][vc_column_text]<\/p>\n<h1 class=\"letterspacing red\">Gallery<\/h1>\n<p>[\/vc_column_text][\/vc_column_inner][\/vc_row_inner][vc_row_inner equal_height=&#8221;yes&#8221; el_class=&#8221;justify&#8221;][vc_column_inner el_class=&#8221;justify&#8221; width=&#8221;1\/2&#8243;][vc_column_text]<\/p>\n<h3 style=\"text-align: left;\">L\u2019art qui ne trouve pas imm\u00e9diatement sa place dans le circuit des galeries : des artistes contemporains ou des red\u00e9couvertes int\u00e9ressantes peuvent fr\u00e9quenter ce lieu pour une courte p\u00e9riode.<\/h3>\n<p>[\/vc_column_text][vc_separator color=&#8221;black&#8221;][vc_column_text el_class=&#8221;justify&#8221;]Cette salle, situ\u00e9e au 25 Rue Museum, et la salle Platform, au premier \u00e9tage, accueilleront toutes deux des expositions-ventes. Dans cet espace \u00e9l\u00e9gant qui comprend un mur de verre de 20 m\u00e8tres de long, une surface de 250 m\u00b2 avec deux entr\u00e9es sur Rue Museum et une cour-jardin strat\u00e9giquement plant\u00e9e, la maison de vente aux ench\u00e8res esp\u00e8re \u00e9largir le regard de ceux qui sont intrigu\u00e9s par la beaut\u00e9 de l&#8217;art d&#8217;artistes c\u00e9l\u00e8bres, \u00e0 d\u00e9couvrir ou oubli\u00e9s. La salle Mus\u00e9e et le patio peuvent \u00e9galement \u00eatre lou\u00e9s. Cette salle donne acc\u00e8s \u00e0 la salle Verlat et \u00e0 la salle Plateform (par l&#8217;escalier et l&#8217;ascenseur).<\/p>\n<p>Plus d&#8217;information via ilse@bernaerts.be[\/vc_column_text][vc_column_text]<\/p>\n<h3 class=\"red\" style=\"text-align: left;\">Les expositions de 2023 ne sont pas encore concr\u00e8tes. Gardez un \u0153il sur le <a href=\"https:\/\/www.bernaerts.eu\/fr\/calendrier\/\"><u>calendrier<\/u><\/a>.<\/h3>\n<p>[\/vc_column_text][\/vc_column_inner][vc_column_inner width=&#8221;1\/2&#8243;][vc_single_image image=&#8221;3176&#8243; img_size=&#8221;full&#8221; alignment=&#8221;center&#8221;][\/vc_column_inner][\/vc_row_inner][\/vc_column][vc_column width=&#8221;1\/6&#8243;][\/vc_column][\/vc_row][vc_row full_width=&#8221;stretch_row_content&#8221; content_placement=&#8221;top&#8221; disable_element=&#8221;yes&#8221;][vc_column width=&#8221;1\/6&#8243;][\/vc_column][vc_column width=&#8221;1\/6&#8243;][vc_single_image image=&#8221;12895&#8243; img_size=&#8221;full&#8221;][vc_column_text]<\/p>\n<h2 style=\"text-align: left;\">Huidige expo<\/h2>\n<p style=\"text-align: left;\">16|9 &#8211; 14|10 <a href=\"https:\/\/www.bernaerts.eu\/16-september-14-oktober-dubbelpunt-met-willo-gonnissen-horst-linn\/\">dubbelpunt<\/a><br \/>\nWillo Gonnissen en Horst Linn<br \/>\nwoe &#8211; za | 14u &#8211; 18u<\/p>\n<h2 style=\"text-align: left;\">Komende expo&#8217;s<\/h2>\n<p style=\"text-align: left;\">26|10 &#8211; 28|10 CoBra 75 years<br \/>\ndo &#8211; za | 13u &#8211; 18u<\/p>\n<p>[\/vc_column_text][\/vc_column][vc_column width=&#8221;3\/6&#8243;][vc_single_image image=&#8221;12913&#8243; img_size=&#8221;full&#8221;][vc_column_text el_class=&#8221;justify&#8221;]<\/p>\n<h2 class=\"red\" style=\"text-align: left;\">Kunst die in het circuit van galerijen haar plaats niet onmiddellijk vindt:<br \/>\nhedendaagse kunstenaars of interessante herontdekkingen.<\/h2>\n<p>[\/vc_column_text][vc_column_text el_class=&#8221;justify&#8221;]Zowel in deze zaal, gelegen in de Museumstraat 25, als in zaal Platform op de eerste verdieping worden er verkoopstentoonstellingen georganiseerd. In de strakke ruimte met o.m. een 20 meter lange glazen wand, een oppervlakte van 250m\u00b2 met twee toegangen tot de Museumstraat en een strategisch ingeplante binnentuin, verruimt de Gallery de blik van hen die ge\u00efntrigeerd zijn door de schoonheid van kunst van gevierde, te ontdekken of vergeten kunstenaars.<br \/>\nZaal Museum en patio kunnen eveneens gehuurd worden. Deze zaal biedt toegang tot Zaal Verlat en Zaal Platform (via trap en lift).<\/p>\n<p>Meer informatie: ilse@bernaerts.be[\/vc_column_text][\/vc_column][vc_column width=&#8221;1\/6&#8243;][\/vc_column][\/vc_row][vc_row full_width=&#8221;stretch_row_content&#8221; equal_height=&#8221;yes&#8221; el_class=&#8221;justify&#8221;][vc_column width=&#8221;1\/6&#8243;][\/vc_column][vc_column width=&#8221;2\/3&#8243;]<div class=\"woocommerce columns-4 \"><\/div>[vc_separator color=&#8221;black&#8221;][\/vc_column][vc_column width=&#8221;1\/6&#8243;][\/vc_column][\/vc_row]<\/p>\n<\/section>","protected":false},"excerpt":{"rendered":"<p>[vc_row full_width=&#8221;stretch_row_content&#8221; content_placement=&#8221;top&#8221;][vc_column width=&#8221;1\/6&#8243;][\/vc_column][vc_column width=&#8221;1\/6&#8243;][vc_single_image image=&#8221;12895&#8243; img_size=&#8221;full&#8221;][\/vc_column][vc_column width=&#8221;3\/6&#8243;][vc_single_image image=&#8221;12913&#8243; img_size=&#8221;full&#8221;][vc_column_text] L\u2019art qui ne trouve pas imm\u00e9diatement sa place dans le circuit des galeries : des artistes contemporains ou des red\u00e9couvertes int\u00e9ressantes peuvent fr\u00e9quenter ce lieu pour une courte p\u00e9riode. [\/vc_column_text][vc_column_text el_class=&#8221;justify&#8221;]Cette salle, situ\u00e9e au 25 Rue Museum, et la salle Platform, au premier \u00e9tage, accueilleront&hellip;&nbsp;<a href=\"https:\/\/www.bernaerts.eu\/fr\/gallery\/\" rel=\"bookmark\">Read More &raquo;<span class=\"screen-reader-text\">Galerie<\/span><\/a><\/p>\n","protected":false},"author":1,"featured_media":0,"parent":0,"menu_order":0,"comment_status":"closed","ping_status":"closed","template":"","meta":{"inline_featured_image":false,"neve_meta_sidebar":"","neve_meta_container":"","neve_meta_enable_content_width":"off","neve_meta_content_width":100,"neve_meta_title_alignment":"","neve_meta_author_avatar":"","neve_post_elements_order":"","neve_meta_disable_header":"","neve_meta_disable_footer":"","neve_meta_disable_title":"on","neve_meta_reading_time":"","advanced_seo_description":"","jetpack_seo_html_title":"","jetpack_seo_noindex":false,"footnotes":""},"class_list":["post-3226","page","type-page","status-publish","hentry"],"jetpack_sharing_enabled":true,"publishpress_future_action":{"enabled":false,"date":"2026-04-22 08:13:39","action":"change-status","newStatus":"draft","terms":[],"taxonomy":"translation_priority","extraData":[]},"publishpress_future_workflow_manual_trigger":{"enabledWorkflows":[]},"_links":{"self":[{"href":"https:\/\/www.bernaerts.eu\/fr\/wp-json\/wp\/v2\/pages\/3226","targetHints":{"allow":["GET"]}}],"collection":[{"href":"https:\/\/www.bernaerts.eu\/fr\/wp-json\/wp\/v2\/pages"}],"about":[{"href":"https:\/\/www.bernaerts.eu\/fr\/wp-json\/wp\/v2\/types\/page"}],"author":[{"embeddable":true,"href":"https:\/\/www.bernaerts.eu\/fr\/wp-json\/wp\/v2\/users\/1"}],"replies":[{"embeddable":true,"href":"https:\/\/www.bernaerts.eu\/fr\/wp-json\/wp\/v2\/comments?post=3226"}],"version-history":[{"count":0,"href":"https:\/\/www.bernaerts.eu\/fr\/wp-json\/wp\/v2\/pages\/3226\/revisions"}],"wp:attachment":[{"href":"https:\/\/www.bernaerts.eu\/fr\/wp-json\/wp\/v2\/media?parent=3226"}],"curies":[{"name":"wp","href":"https:\/\/api.w.org\/{rel}","templated":true}]}}